{"id":419,"date":"2020-07-31T16:27:27","date_gmt":"2020-07-31T14:27:27","guid":{"rendered":"https:\/\/remapartamentos.com\/?page_id=419"},"modified":"2025-11-20T19:49:33","modified_gmt":"2025-11-20T18:49:33","slug":"terminos-y-condiciones","status":"publish","type":"page","link":"https:\/\/remapartamentos.com\/en\/terminos-y-condiciones\/","title":{"rendered":"Terminos y Condiciones"},"content":{"rendered":"<div data-elementor-type=\"wp-page\" data-elementor-id=\"419\" class=\"elementor elementor-419\">\n\t\t\t\t\t\t<section class=\"elementor-section elementor-top-section elementor-element elementor-element-76fdf58 elementor-section-boxed elementor-section-height-default elementor-section-height-default\" data-id=\"76fdf58\" data-element_type=\"section\" data-e-type=\"section\">\n\t\t\t\t\t\t<div class=\"elementor-container elementor-column-gap-default\">\n\t\t\t\t\t<div class=\"elementor-column elementor-col-100 elementor-top-column elementor-element elementor-element-7dd919a\" data-id=\"7dd919a\" data-element_type=\"column\" data-e-type=\"column\">\n\t\t\t<div class=\"elementor-widget-wrap elementor-element-populated\">\n\t\t\t\t\t\t<section class=\"elementor-section elementor-inner-section elementor-element elementor-element-171e583 elementor-section-boxed elementor-section-height-default elementor-section-height-default\" data-id=\"171e583\" data-element_type=\"section\" data-e-type=\"section\">\n\t\t\t\t\t\t<div class=\"elementor-container elementor-column-gap-default\">\n\t\t\t\t\t<div class=\"elementor-column elementor-col-100 elementor-inner-column elementor-element elementor-element-889335c\" data-id=\"889335c\" data-element_type=\"column\" data-e-type=\"column\">\n\t\t\t<div class=\"elementor-widget-wrap elementor-element-populated\">\n\t\t\t\t\t\t<div class=\"elementor-element elementor-element-91cdb21 elementor-widget elementor-widget-heading\" data-id=\"91cdb21\" data-element_type=\"widget\" data-e-type=\"widget\" data-widget_type=\"heading.default\">\n\t\t\t\t<div class=\"elementor-widget-container\">\n\t\t\t\t\t<h1 class=\"elementor-heading-title elementor-size-default\">Terms and conditions<\/h1>\t\t\t\t<\/div>\n\t\t\t\t<\/div>\n\t\t\t\t<div class=\"elementor-element elementor-element-681eb8e elementor-widget-divider--view-line elementor-widget elementor-widget-divider\" data-id=\"681eb8e\" data-element_type=\"widget\" data-e-type=\"widget\" data-widget_type=\"divider.default\">\n\t\t\t\t<div class=\"elementor-widget-container\">\n\t\t\t\t\t\t\t<div class=\"elementor-divider\">\n\t\t\t<span class=\"elementor-divider-separator\">\n\t\t\t\t\t\t<\/span>\n\t\t<\/div>\n\t\t\t\t\t\t<\/div>\n\t\t\t\t<\/div>\n\t\t\t\t\t<\/div>\n\t\t<\/div>\n\t\t\t\t\t<\/div>\n\t\t<\/section>\n\t\t\t\t\t<\/div>\n\t\t<\/div>\n\t\t\t\t\t<\/div>\n\t\t<\/section>\n\t\t\t\t<section class=\"elementor-section elementor-top-section elementor-element elementor-element-1c2341c elementor-section-boxed elementor-section-height-default elementor-section-height-default\" data-id=\"1c2341c\" data-element_type=\"section\" data-e-type=\"section\">\n\t\t\t\t\t\t<div class=\"elementor-container elementor-column-gap-default\">\n\t\t\t\t\t<div class=\"elementor-column elementor-col-100 elementor-top-column elementor-element elementor-element-da0e235\" data-id=\"da0e235\" data-element_type=\"column\" data-e-type=\"column\">\n\t\t\t<div class=\"elementor-widget-wrap elementor-element-populated\">\n\t\t\t\t\t\t<div class=\"elementor-element elementor-element-e0445af elementor-widget elementor-widget-text-editor\" data-id=\"e0445af\" data-element_type=\"widget\" data-e-type=\"widget\" data-widget_type=\"text-editor.default\">\n\t\t\t\t<div class=\"elementor-widget-container\">\n\t\t\t\t\t\t\t\t\t<h3><span class=\"s2\">1. Interpretation<\/span><\/h3>\n<p class=\"p2\"><span class=\"s2\">In these Terms and Conditions, unless the context requires otherwise, the following expressions will have the following meanings:<br><\/span><span class=\"s2\">\u201cArrival date\u201d means the date on which the Client's stay in the Apartment is to commence, according to the Booking Details.<br><\/span><span class=\"s2\">\"Reservation\" refers to the accommodation reservation made by the Client and the rest of the products and services described in the Reservation, accepted by REM Apartamentos.<br><\/span><span class=\"s2\">\u201cReservation Details\u201d means the details of the Reservation, including the number of Guests, the number of rooms required, the duration of the Guests' stay in the Apartment and any other products or services to be included in the Reservation.<br><\/span><span class=\"s2\">\"Expenses\" refers to the expenses that the Client must pay in relation to the Reservation<br><\/span><span class=\"s2\">\"Contract\" means the contract between the Client and REM Apartments in relation to the Booking.<br><\/span><span class=\"s2\">\"Client\" refers to the person who makes the Reservation<br><\/span><span class=\"s2\">\"REM Apartamentos\" refers to the establishments of the group<br><\/span><span class=\"s2\">\u201cGuests\u201d means the Client and any third party invited by the Client to the Apartment in connection with the Booking.<br><\/span><span class=\"s2\">\u201cFlat\u201d means the flat owned or operated by REM Apartamentos, the location of which is specified in the Reservation.<\/span><\/p>\n<h3 class=\"p1\"><span class=\"s2\">2. Reservations<\/span><\/h3>\n<p class=\"p2\"><span class=\"s2\">2.1 Clients may request Reservations through the REM Apartments website or by contacting REM Apartments staff at the Apartment.<br><\/span><span class=\"s2\">2.2 When making the Reservation, Clients must provide identification data including, among others, their name, address, contact telephone number, email address and credit card details as a guarantee.<br><\/span><span class=\"s2\">2.3 Booking requests shall not be considered accepted unless and until REM Apartamentos confirms their acceptance and provides a booking reference, at which point the Contract shall come into force.<br><\/span><span class=\"s2\">2.4 Subject to clause 4, REM Apartments will endeavour as far as possible to accommodate any request by the Client to change the Booking Details. However, requests for a change of date or extension of stay or addition of products or services will be subject to availability; and the Client will be charged for the extension of stay or products or services at REM Apartments' current rates.<\/span><\/p>\n<h3 class=\"p1\"><span class=\"s2\">3. Fees and payment<\/span><\/h3>\n<p class=\"p2\"><span class=\"s2\">3.1 The Charges shall be those indicated by REM Apartments to the Client at the time of the Client's request for a Reservation.<br><\/span><span class=\"s2\">3.2 Unless otherwise agreed by REM Apartments, the Charges shall only cover the provision of accommodation in the Apartment.<br><\/span><span class=\"s2\">3.3 Clients will be informed of the amount of additional Expenses before incurring them.<br><\/span><span class=\"s2\">3.4 The Reservations will be subject to the Client making the payment of the Expenses in full in advance.<br><\/span><span class=\"s2\">3.5 If payment has not been made in advance at the time of making the Reservation, the Customer shall pay the Charges immediately at the time of check-in to the Apartment. Any additional Charges must be paid at the time they are incurred.<br><\/span><span class=\"s2\">3.6 REM Apartments<\/span><span class=\"s3\"><b>&nbsp;<\/b><\/span><span class=\"s2\">accepts the following payment methods:<br><\/span><span class=\"s2\">3.6.1 Credit and debit cards American Express, Visa, Union Pay, Maestro and Mastercard.<\/span><span class=\"s2\"><br><\/span><span class=\"s2\">3.7 You must bear in mind that reservations will be made for stays equal to or less than 90 nights; reservations for 90 or more nights<span class=\"Apple-converted-space\">&nbsp;&nbsp;<\/span>will be subject to special conditions.<i><\/i><\/span><\/p>\n<h3 class=\"p1\"><span class=\"s2\">4. Cancellations<\/span><\/h3>\n<p class=\"p2\"><span class=\"s2\">4.1 Subject to clause 4.2, the Client may cancel the Reservation without any surcharge by giving notice to REM Apartments 48 hours before 15:00 hours (local time) on the Arrival Date, in which case REM Apartments will refund the Client all amounts paid in advance, except in the case of the non-refundable rate. The client must notify the cancellation via email to the email address info@remapartamentos.com. indicating the reservation number.<br><\/span><span class=\"s2\">4.2 When the Client has been offered a discounted rate on condition of non-cancellation of the Reservation, as long as the Client has been informed of said condition, the Reservation may not be canceled and the Expenses applicable to said Reservation must be paid in full.<br><\/span><span class=\"s2\">4.3 Where the Client has not duly informed of the cancellation under clause 4.1 or does not come (no-show) to the Apartment, the Reservation shall be deemed cancelled and the Client shall be liable to pay the Apartment a sum equivalent to the Charges applicable to the first night's stay in the Apartment.<br><\/span><span class=\"s2\">4.4 REM Apartments may at any time cancel a Reservation in the event of non-availability due to circumstances beyond the control of REM Apartments, in which case REM Apartments will pay the Client a full refund of any booking fees and charges.<br><\/span><span class=\"s2\">4.5 REM Apartamentos may cancel the Reservation at any time if the payment details provided by the Client are not valid and the Client does not provide alternative valid details.<\/span><\/p>\n<h3 class=\"p1\"><span class=\"s2\">5. Check-in and check-out<\/span><\/h3>\n<p class=\"p2\"><span class=\"s2\">5.1 Check-in time at the Apartment shall be 16:00 hours, check-in may be postponed until 24:00 hours on the day of arrival. Earlier check-in may be possible, and is subject to availability at the time of arrival.<br><\/span><span class=\"s2\">5.2 Departure time from the Apartment shall be 12:00 noon. Departures after this time may result in the Client being charged for one night's accommodation in addition to the applicable standard rate.<\/span><\/p>\n<h3 class=\"p1\"><span class=\"s2\">6. Flat Rules<\/span><\/h3>\n<p class=\"p2\">We remind you that during your stay, if you have any problems or need information, please do not hesitate to contact us on 672 733 692. &nbsp;<strong>We are at your service 24 hours a day.<\/strong><\/p>\n<p><span class=\"s2\">6.1<\/span>&nbsp;GENERAL RULES:<br>Each apartment has kitchen utensils for 2-4 people, please report any lack.<\/p>\n<ul>\n<li>Kitchen utensils and kitchenware must be clean and placed in their proper place at the time of departure.<\/li>\n<li>We appreciate depositing the garbage bags in the containers.<\/li>\n<li>We ask that from 00:00 to 08:00 and from 15:00 to 17:00 respect the rest of the rest of the guests.<\/li>\n<li>The maximum departure time on the last day of your stay will be at 12 noon. If you wish to stay longer in the apartment, notify the contact telephone number 672.733.692.<\/li>\n<li>If you wish to park your vehicle for one or more days, please let us know so that we can provide you with the access code.<\/li>\n<\/ul>\n<p>6.2 IT IS TOTALLY FORBIDDEN:<\/p>\n<ul>\n<li>Make improper use of the furniture and belongings of the apartment \/ as well as its use outside it.<\/li>\n<li>Accommodate more people than authorized per apartment.<\/li>\n<li>Introduce animals in common areas and other rooms.<\/li>\n<li>Parties or events are not allowed.<\/li>\n<li>Smoking is forbidden inside the flats and building, except in designated areas, if any.<\/li>\n<\/ul>\n<p>It is everyone's responsibility to take care of the environment, not leaving lights or electrical appliances on and not leaving taps open. CONSUME IN MODERATION.<\/p>\n<p>The client is responsible for all damages caused to the facilities, furniture and belongings in the flats during their stay and undertakes to comply with the general rules established, for which he\/she must DEPOSIT A DEPOSIT OF 200 \u20ac TO BE DETAINED ON THE CARD, WHEN MAKING THE RESERVATION.<\/p>\n<p>THE DEPOSIT WILL BE RETURNED ON DEPARTURE, AFTER DELIVERING THE KEYS AND ADDITIONAL OBJECTS USED AND ONCE WE HAVE CHECKED THAT THERE IS NO DAMAGE OR DAMAGE. IF THE INFRINGEMENT OR THE DAMAGES AND DAMAGES EXCEED THE AMOUNT OF THE DEPOSIT, THE DIFFERENCE WILL BE CHARGED UP TO THE AMOUNT. POSSIBLE SANCTIONS. Small Towels \u20ac 10, Large Towel \u20ac 20, Sheets \u20ac 30, Bedspread \u20ac 50, Small TV \u20ac 200, Large TV \u20ac 350, Microwave \u20ac 80, Sofa \u20ac 200, Tables \u20ac 20, Curtain \u20ac 100, Tablecloth \u20ac 25, Pans 20 \u20ac, Pot \u20ac 30, Shower Telephone \u20ac 30, Entry Telephone \u20ac 50.<\/p>\n<p>If you wish to use our room cleaning service, the price is 12 \u20ac\/hour.<\/p>\n<p>We recommend that you close all the doors and windows of the apartment during your stay. THE COMPANY IS NOT RESPONSIBLE FOR POSSIBLE THEFT OR THEFT. Please never leave the Apartment Card out of your reach to avoid such theft.<\/p>\n<p><strong>FAILURE TO COMPLY WITH ANY OF THESE POINTS, ESPECIALLY THOSE THAT RESULT IN A LACK OF RESPECT FOR OTHER RESIDENTS, MAY BE CONSIDERED AS A CAUSE OF CONTRACTUAL BREAKAGE WITHOUT RIGHT TO REIMBURSEMENT FOR SERVICES NOT ENJOYED BY THE OFFENDER. <\/strong><\/p>\n<p>COEXISTENCE AND RESPECT INVOLVES ALL OF US.<\/p>\n<p>THANK YOU SO MUCH.<\/p>\n<h3 class=\"p1\"><span class=\"s2\">7. Food and drink<\/span><\/h3>\n<p class=\"p2\"><span class=\"s2\">7.1 Unless otherwise agreed by REM Apartments, the Expenses do not include food and beverages.<br><\/span><\/p>\n<h3 class=\"p1\"><span class=\"s2\">8. Guests with functional diversity<\/span><\/h3>\n<p class=\"p2\"><span class=\"s2\">8.1 REM Apartments complies with all laws governing the treatment and provision of services to Guests with disabilities.<br><\/span><span class=\"s2\">8.2 Those Clients with special requirements associated with functional diversity must inform the Apartment management team prior to the Arrival Date.<\/span><\/p>\t\t\t\t\t\t\t\t<\/div>\n\t\t\t\t<\/div>\n\t\t\t\t\t<\/div>\n\t\t<\/div>\n\t\t\t\t\t<\/div>\n\t\t<\/section>\n\t\t\t\t<\/div>","protected":false},"excerpt":{"rendered":"<p>T\u00e9rminos y condiciones 1.Interpretaci\u00f3n En los presentes T\u00e9rminos y Condiciones, salvo que el contexto exija otra cosa, las siguientes expresiones tendr\u00e1n los significados subsiguientes:\u201cFecha de llegada\u201d hace referencia a la fecha en la que debe comenzar la estancia del Cliente en el Apartamento, seg\u00fan los Detalles de la reserva\u201cReserva\u201d hace referencia a la reserva de [&hellip;]<\/p>\n","protected":false},"author":1,"featured_media":0,"parent":0,"menu_order":0,"comment_status":"closed","ping_status":"closed","template":"","meta":{"_acf_changed":false,"site-sidebar-layout":"no-sidebar","site-content-layout":"plain-container","ast-site-content-layout":"default","site-content-style":"default","site-sidebar-style":"default","ast-global-header-display":"","ast-banner-title-visibility":"","ast-main-header-display":"","ast-hfb-above-header-display":"","ast-hfb-below-header-display":"","ast-hfb-mobile-header-display":"","site-post-title":"","ast-breadcrumbs-content":"disabled","ast-featured-img":"disabled","footer-sml-layout":"","ast-disable-related-posts":"","theme-transparent-header-meta":"default","adv-header-id-meta":"","stick-header-meta":"default","header-above-stick-meta":"","header-main-stick-meta":"","header-below-stick-meta":"","astra-migrate-meta-layouts":"default","ast-page-background-enabled":"default","ast-page-background-meta":{"desktop":{"background-color":"","background-image":"","background-repeat":"repeat","background-position":"center center","background-size":"auto","background-attachment":"scroll","background-type":"","background-media":"","overlay-type":"","overlay-color":"","overlay-opacity":"","overlay-gradient":""},"tablet":{"background-color":"","background-image":"","background-repeat":"repeat","background-position":"center center","background-size":"auto","background-attachment":"scroll","background-type":"","background-media":"","overlay-type":"","overlay-color":"","overlay-opacity":"","overlay-gradient":""},"mobile":{"background-color":"","background-image":"","background-repeat":"repeat","background-position":"center center","background-size":"auto","background-attachment":"scroll","background-type":"","background-media":"","overlay-type":"","overlay-color":"","overlay-opacity":"","overlay-gradient":""}},"ast-content-background-meta":{"desktop":{"background-color":"var(--ast-global-color-5)","background-image":"","background-repeat":"repeat","background-position":"center center","background-size":"auto","background-attachment":"scroll","background-type":"","background-media":"","overlay-type":"","overlay-color":"","overlay-opacity":"","overlay-gradient":""},"tablet":{"background-color":"var(--ast-global-color-5)","background-image":"","background-repeat":"repeat","background-position":"center center","background-size":"auto","background-attachment":"scroll","background-type":"","background-media":"","overlay-type":"","overlay-color":"","overlay-opacity":"","overlay-gradient":""},"mobile":{"background-color":"var(--ast-global-color-5)","background-image":"","background-repeat":"repeat","background-position":"center center","background-size":"auto","background-attachment":"scroll","background-type":"","background-media":"","overlay-type":"","overlay-color":"","overlay-opacity":"","overlay-gradient":""}},"footnotes":""},"class_list":["post-419","page","type-page","status-publish","hentry"],"acf":[],"yoast_head":"<!-- This site is optimized with the Yoast SEO plugin v27.5 - https:\/\/yoast.com\/product\/yoast-seo-wordpress\/ -->\n<title>Terminos y Condiciones - Rem Apartamentos<\/title>\n<meta name=\"robots\" content=\"index, follow, max-snippet:-1, max-image-preview:large, max-video-preview:-1\" \/>\n<link rel=\"canonical\" href=\"https:\/\/remapartamentos.com\/en\/terminos-y-condiciones\/\" \/>\n<meta property=\"og:locale\" content=\"en_GB\" \/>\n<meta property=\"og:type\" content=\"article\" \/>\n<meta property=\"og:title\" content=\"Terminos y Condiciones - Rem Apartamentos\" \/>\n<meta property=\"og:description\" content=\"T\u00e9rminos y condiciones 1.Interpretaci\u00f3n En los presentes T\u00e9rminos y Condiciones, salvo que el contexto exija otra cosa, las siguientes expresiones tendr\u00e1n los significados subsiguientes:\u201cFecha de llegada\u201d hace referencia a la fecha en la que debe comenzar la estancia del Cliente en el Apartamento, seg\u00fan los Detalles de la reserva\u201cReserva\u201d hace referencia a la reserva de [&hellip;]\" \/>\n<meta property=\"og:url\" content=\"https:\/\/remapartamentos.com\/en\/terminos-y-condiciones\/\" \/>\n<meta property=\"og:site_name\" content=\"Rem Apartamentos\" \/>\n<meta property=\"article:modified_time\" content=\"2025-11-20T18:49:33+00:00\" \/>\n<meta name=\"twitter:card\" content=\"summary_large_image\" \/>\n<meta name=\"twitter:label1\" content=\"Est. reading time\" \/>\n\t<meta name=\"twitter:data1\" content=\"7 minutes\" \/>\n<script type=\"application\/ld+json\" class=\"yoast-schema-graph\">{\"@context\":\"https:\\\/\\\/schema.org\",\"@graph\":[{\"@type\":\"WebPage\",\"@id\":\"https:\\\/\\\/remapartamentos.com\\\/terminos-y-condiciones\\\/\",\"url\":\"https:\\\/\\\/remapartamentos.com\\\/terminos-y-condiciones\\\/\",\"name\":\"Terminos y Condiciones - Rem Apartamentos\",\"isPartOf\":{\"@id\":\"https:\\\/\\\/remapartamentos.com\\\/#website\"},\"datePublished\":\"2020-07-31T14:27:27+00:00\",\"dateModified\":\"2025-11-20T18:49:33+00:00\",\"breadcrumb\":{\"@id\":\"https:\\\/\\\/remapartamentos.com\\\/terminos-y-condiciones\\\/#breadcrumb\"},\"inLanguage\":\"en-GB\",\"potentialAction\":[{\"@type\":\"ReadAction\",\"target\":[\"https:\\\/\\\/remapartamentos.com\\\/terminos-y-condiciones\\\/\"]}]},{\"@type\":\"BreadcrumbList\",\"@id\":\"https:\\\/\\\/remapartamentos.com\\\/terminos-y-condiciones\\\/#breadcrumb\",\"itemListElement\":[{\"@type\":\"ListItem\",\"position\":1,\"name\":\"Portada\",\"item\":\"https:\\\/\\\/remapartamentos.com\\\/\"},{\"@type\":\"ListItem\",\"position\":2,\"name\":\"Terminos y Condiciones\"}]},{\"@type\":\"WebSite\",\"@id\":\"https:\\\/\\\/remapartamentos.com\\\/#website\",\"url\":\"https:\\\/\\\/remapartamentos.com\\\/\",\"name\":\"Rem Apartamentos\",\"description\":\"\",\"publisher\":{\"@id\":\"https:\\\/\\\/remapartamentos.com\\\/#organization\"},\"potentialAction\":[{\"@type\":\"SearchAction\",\"target\":{\"@type\":\"EntryPoint\",\"urlTemplate\":\"https:\\\/\\\/remapartamentos.com\\\/?s={search_term_string}\"},\"query-input\":{\"@type\":\"PropertyValueSpecification\",\"valueRequired\":true,\"valueName\":\"search_term_string\"}}],\"inLanguage\":\"en-GB\"},{\"@type\":\"Organization\",\"@id\":\"https:\\\/\\\/remapartamentos.com\\\/#organization\",\"name\":\"Rem Apartamentos\",\"url\":\"https:\\\/\\\/remapartamentos.com\\\/\",\"logo\":{\"@type\":\"ImageObject\",\"inLanguage\":\"en-GB\",\"@id\":\"https:\\\/\\\/remapartamentos.com\\\/#\\\/schema\\\/logo\\\/image\\\/\",\"url\":\"https:\\\/\\\/remapartamentos.com\\\/wp-content\\\/uploads\\\/logo-160x53-2.png\",\"contentUrl\":\"https:\\\/\\\/remapartamentos.com\\\/wp-content\\\/uploads\\\/logo-160x53-2.png\",\"width\":160,\"height\":53,\"caption\":\"Rem Apartamentos\"},\"image\":{\"@id\":\"https:\\\/\\\/remapartamentos.com\\\/#\\\/schema\\\/logo\\\/image\\\/\"}}]}<\/script>\n<!-- \/ Yoast SEO plugin. -->","yoast_head_json":{"title":"Terminos y Condiciones - Rem Apartamentos","robots":{"index":"index","follow":"follow","max-snippet":"max-snippet:-1","max-image-preview":"max-image-preview:large","max-video-preview":"max-video-preview:-1"},"canonical":"https:\/\/remapartamentos.com\/en\/terminos-y-condiciones\/","og_locale":"en_GB","og_type":"article","og_title":"Terminos y Condiciones - Rem Apartamentos","og_description":"T\u00e9rminos y condiciones 1.Interpretaci\u00f3n En los presentes T\u00e9rminos y Condiciones, salvo que el contexto exija otra cosa, las siguientes expresiones tendr\u00e1n los significados subsiguientes:\u201cFecha de llegada\u201d hace referencia a la fecha en la que debe comenzar la estancia del Cliente en el Apartamento, seg\u00fan los Detalles de la reserva\u201cReserva\u201d hace referencia a la reserva de [&hellip;]","og_url":"https:\/\/remapartamentos.com\/en\/terminos-y-condiciones\/","og_site_name":"Rem Apartamentos","article_modified_time":"2025-11-20T18:49:33+00:00","twitter_card":"summary_large_image","twitter_misc":{"Est. reading time":"7 minutes"},"schema":{"@context":"https:\/\/schema.org","@graph":[{"@type":"WebPage","@id":"https:\/\/remapartamentos.com\/terminos-y-condiciones\/","url":"https:\/\/remapartamentos.com\/terminos-y-condiciones\/","name":"Terminos y Condiciones - Rem Apartamentos","isPartOf":{"@id":"https:\/\/remapartamentos.com\/#website"},"datePublished":"2020-07-31T14:27:27+00:00","dateModified":"2025-11-20T18:49:33+00:00","breadcrumb":{"@id":"https:\/\/remapartamentos.com\/terminos-y-condiciones\/#breadcrumb"},"inLanguage":"en-GB","potentialAction":[{"@type":"ReadAction","target":["https:\/\/remapartamentos.com\/terminos-y-condiciones\/"]}]},{"@type":"BreadcrumbList","@id":"https:\/\/remapartamentos.com\/terminos-y-condiciones\/#breadcrumb","itemListElement":[{"@type":"ListItem","position":1,"name":"Portada","item":"https:\/\/remapartamentos.com\/"},{"@type":"ListItem","position":2,"name":"Terminos y Condiciones"}]},{"@type":"WebSite","@id":"https:\/\/remapartamentos.com\/#website","url":"https:\/\/remapartamentos.com\/","name":"Rem Apartments","description":"","publisher":{"@id":"https:\/\/remapartamentos.com\/#organization"},"potentialAction":[{"@type":"SearchAction","target":{"@type":"EntryPoint","urlTemplate":"https:\/\/remapartamentos.com\/?s={search_term_string}"},"query-input":{"@type":"PropertyValueSpecification","valueRequired":true,"valueName":"search_term_string"}}],"inLanguage":"en-GB"},{"@type":"Organization","@id":"https:\/\/remapartamentos.com\/#organization","name":"Rem Apartments","url":"https:\/\/remapartamentos.com\/","logo":{"@type":"ImageObject","inLanguage":"en-GB","@id":"https:\/\/remapartamentos.com\/#\/schema\/logo\/image\/","url":"https:\/\/remapartamentos.com\/wp-content\/uploads\/logo-160x53-2.png","contentUrl":"https:\/\/remapartamentos.com\/wp-content\/uploads\/logo-160x53-2.png","width":160,"height":53,"caption":"Rem Apartamentos"},"image":{"@id":"https:\/\/remapartamentos.com\/#\/schema\/logo\/image\/"}}]}},"_links":{"self":[{"href":"https:\/\/remapartamentos.com\/en\/wp-json\/wp\/v2\/pages\/419","targetHints":{"allow":["GET"]}}],"collection":[{"href":"https:\/\/remapartamentos.com\/en\/wp-json\/wp\/v2\/pages"}],"about":[{"href":"https:\/\/remapartamentos.com\/en\/wp-json\/wp\/v2\/types\/page"}],"author":[{"embeddable":true,"href":"https:\/\/remapartamentos.com\/en\/wp-json\/wp\/v2\/users\/1"}],"replies":[{"embeddable":true,"href":"https:\/\/remapartamentos.com\/en\/wp-json\/wp\/v2\/comments?post=419"}],"version-history":[{"count":0,"href":"https:\/\/remapartamentos.com\/en\/wp-json\/wp\/v2\/pages\/419\/revisions"}],"wp:attachment":[{"href":"https:\/\/remapartamentos.com\/en\/wp-json\/wp\/v2\/media?parent=419"}],"curies":[{"name":"wp","href":"https:\/\/api.w.org\/{rel}","templated":true}]}}