{"id":445,"date":"2020-07-31T16:57:17","date_gmt":"2020-07-31T14:57:17","guid":{"rendered":"https:\/\/remapartamentos.com\/?page_id=445"},"modified":"2025-11-20T14:17:30","modified_gmt":"2025-11-20T13:17:30","slug":"preguntas-frecuentes-normas","status":"publish","type":"page","link":"https:\/\/remapartamentos.com\/en\/preguntas-frecuentes-normas\/","title":{"rendered":"Preguntas frecuentes normas"},"content":{"rendered":"<div data-elementor-type=\"wp-page\" data-elementor-id=\"445\" class=\"elementor elementor-445\">\n\t\t\t\t\t\t<section class=\"elementor-section elementor-top-section elementor-element elementor-element-3fb383b elementor-section-boxed elementor-section-height-default elementor-section-height-default\" data-id=\"3fb383b\" data-element_type=\"section\" data-e-type=\"section\">\n\t\t\t\t\t\t<div class=\"elementor-container elementor-column-gap-default\">\n\t\t\t\t\t<div class=\"elementor-column elementor-col-100 elementor-top-column elementor-element elementor-element-23bfba7\" data-id=\"23bfba7\" data-element_type=\"column\" data-e-type=\"column\">\n\t\t\t<div class=\"elementor-widget-wrap elementor-element-populated\">\n\t\t\t\t\t\t<section class=\"elementor-section elementor-inner-section elementor-element elementor-element-947fc11 elementor-section-boxed elementor-section-height-default elementor-section-height-default\" data-id=\"947fc11\" data-element_type=\"section\" data-e-type=\"section\">\n\t\t\t\t\t\t<div class=\"elementor-container elementor-column-gap-default\">\n\t\t\t\t\t<div class=\"elementor-column elementor-col-100 elementor-inner-column elementor-element elementor-element-60f829a\" data-id=\"60f829a\" data-element_type=\"column\" data-e-type=\"column\">\n\t\t\t<div class=\"elementor-widget-wrap elementor-element-populated\">\n\t\t\t\t\t\t<div class=\"elementor-element elementor-element-5970515 elementor-widget elementor-widget-heading\" data-id=\"5970515\" data-element_type=\"widget\" data-e-type=\"widget\" data-widget_type=\"heading.default\">\n\t\t\t\t<div class=\"elementor-widget-container\">\n\t\t\t\t\t<h1 class=\"elementor-heading-title elementor-size-default\">Frequently Asked Questions and Rules<\/h1>\t\t\t\t<\/div>\n\t\t\t\t<\/div>\n\t\t\t\t<div class=\"elementor-element elementor-element-9932ad4 elementor-widget-divider--view-line elementor-widget elementor-widget-divider\" data-id=\"9932ad4\" data-element_type=\"widget\" data-e-type=\"widget\" data-widget_type=\"divider.default\">\n\t\t\t\t<div class=\"elementor-widget-container\">\n\t\t\t\t\t\t\t<div class=\"elementor-divider\">\n\t\t\t<span class=\"elementor-divider-separator\">\n\t\t\t\t\t\t<\/span>\n\t\t<\/div>\n\t\t\t\t\t\t<\/div>\n\t\t\t\t<\/div>\n\t\t\t\t\t<\/div>\n\t\t<\/div>\n\t\t\t\t\t<\/div>\n\t\t<\/section>\n\t\t\t\t\t<\/div>\n\t\t<\/div>\n\t\t\t\t\t<\/div>\n\t\t<\/section>\n\t\t\t\t<section class=\"elementor-section elementor-top-section elementor-element elementor-element-1c21eee elementor-section-boxed elementor-section-height-default elementor-section-height-default\" data-id=\"1c21eee\" data-element_type=\"section\" data-e-type=\"section\">\n\t\t\t\t\t\t<div class=\"elementor-container elementor-column-gap-default\">\n\t\t\t\t\t<div class=\"elementor-column elementor-col-100 elementor-top-column elementor-element elementor-element-eeecbea\" data-id=\"eeecbea\" data-element_type=\"column\" data-e-type=\"column\">\n\t\t\t<div class=\"elementor-widget-wrap elementor-element-populated\">\n\t\t\t\t\t\t<div class=\"elementor-element elementor-element-5460714 elementor-widget elementor-widget-text-editor\" data-id=\"5460714\" data-element_type=\"widget\" data-e-type=\"widget\" data-widget_type=\"text-editor.default\">\n\t\t\t\t<div class=\"elementor-widget-container\">\n\t\t\t\t\t\t\t\t\t<section id=\"faq\" class=\"part bottom\">\n<div class=\"container\">\n<div class=\"faq-item is-visible\">\n<h3 class=\"animated-left\" data-sr-id=\"5\">Can I cancel or modify my reservation?<\/h3>\n<div class=\"descr animated-right\" data-sr-id=\"48\">\n<p>Yes, as long as you have selected a refundable rate in your reservation. If your rate is non-refundable, it cannot be canceled or modified.<\/p>\n<\/div>\n<\/div>\n<div class=\"faq-item is-visible\">\n<h3 class=\"animated-left\" data-sr-id=\"6\">What are the cancellation and refund conditions?<\/h3>\n<div class=\"descr animated-right\" data-sr-id=\"49\">\n<p>Depending on the rate you choose, you will have some conditions or others. You can see them when you select the rate in the reservation process.<\/p>\n<\/div>\n<\/div>\n<div class=\"faq-item is-visible\">\n<h3 class=\"animated-left\" data-sr-id=\"7\">Can I make a reservation if I don't have a credit card?<\/h3>\n<div class=\"descr animated-right\" data-sr-id=\"50\">\n<p>Lo sentimos, pero tu tarjeta de cr\u00e9dito es indispensable para hacer la reserva.<\/p>\n<\/div>\n<\/div>\n<div class=\"faq-item is-visible\">\n<h3 class=\"animated-left\" data-sr-id=\"8\">Can I pay for my bed \/ room in cash?<\/h3>\n<div class=\"descr animated-right\" data-sr-id=\"51\">\n<p>If your rate is refundable, the payment of your booking will be made directly at the flat, upon arrival. In the case of a non-refundable rate, the total amount of your stay will be charged at the time of booking.<\/p>\n<\/div>\n<\/div>\n<div class=\"faq-item is-visible\">\n<h3 class=\"animated-left\" data-sr-id=\"9\">I have not received confirmation of reservation.<\/h3>\n<div class=\"descr animated-right\" data-sr-id=\"52\">\n<p>Don't worry, call us directly at the flat to confirm your booking.<\/p>\n<\/div>\n<\/div>\n<div class=\"faq-item is-visible\">\n<h3 class=\"animated-left\" data-sr-id=\"10\">Do you accept long stays?<\/h3>\n<div class=\"descr animated-right\" data-sr-id=\"53\">\n<p>Our maximum stay is 7 nights, subject to availability.<\/p>\n<\/div>\n<\/div>\n<div class=\"faq-item is-visible\">\n<h3 class=\"animated-left\" data-sr-id=\"11\">I would like to make a group booking.<\/h3>\n<div class=\"descr animated-right\" data-sr-id=\"54\">\n<p>We will be happy to accommodate you in our flat. You can make your reservation through our groups page.<\/p>\n<\/div>\n<\/div>\n<div class=\"faq-item is-visible\">\n<h3 class=\"animated-left\" data-sr-id=\"13\">Can children under the age of 18 stay in the flat?<\/h3>\n<div class=\"descr animated-right\" data-sr-id=\"56\">\n<p>Yes, as long as they are staying in a private room accompanied by an adult.<\/p>\n<\/div>\n<\/div>\n<div class=\"faq-item is-visible\">\n<h3 class=\"animated-left\" data-sr-id=\"14\">When can I use my room?<\/h3>\n<div class=\"descr animated-right\" data-sr-id=\"57\">\n<p><span class=\"s1\">At any time, from 2:00 p.m.&nbsp;<\/span><\/p>\n<\/div>\n<\/div>\n<div class=\"faq-item is-visible\">\n<h3 class=\"animated-left\" data-sr-id=\"15\">What time should I leave it?<\/h3>\n<div class=\"descr animated-right\" data-sr-id=\"58\">\n<p>Until 11.00 a.m. If you left later, and without warning, we could charge you an extra charge. If you decide to extend your stay one or more nights, you must notify Reception before 11am.<\/p>\n<\/div>\n<\/div>\n<div class=\"faq-item is-visible\">\n<h3 class=\"animated-left\" data-sr-id=\"16\">How much does it cost to leave the Apartment later than 11.00?<\/h3>\n<div class=\"descr animated-right\" data-sr-id=\"59\">\n<p>We do not accept departures later than 11am.<\/p>\n<\/div>\n<\/div>\n<div class=\"faq-item is-visible\">\n<h3 class=\"animated-left\" data-sr-id=\"17\">During my stay, is there a check-in and check-out timetable in the flat?<\/h3>\n<div class=\"descr animated-right\" data-sr-id=\"60\">\n<p>No, our reception is a 24h service. You will only have to use your access card or security code.<\/p>\n<\/div>\n<\/div>\n<div class=\"faq-item is-visible\">\n<h3 class=\"animated-left\" data-sr-id=\"18\">Do you have a left-luggage office to leave my luggage?<\/h3>\n<div class=\"descr animated-right\" data-sr-id=\"61\">\n<p>We do not have this service.<\/p>\n<\/div>\n<\/div>\n<div class=\"faq-item is-visible\">\n<h6 class=\"descr animated-right\" data-sr-id=\"62\"><span style=\"font-size: 1.5em;\">How can I get to the flat from the airport and from the train station?<\/span><\/h6>\n<\/div>\n<div class=\"faq-item is-visible\">\n<div class=\"descr animated-right\" data-sr-id=\"63\">\n<p>Go to the website of the flat where you are going to stay and consult our indications.<\/p>\n<\/div>\n<\/div>\n<div class=\"faq-item is-visible\">\n<h3 class=\"animated-left\" data-sr-id=\"22\">Are there hairdryers in the rooms?<\/h3>\n<div class=\"descr animated-right\" data-sr-id=\"65\">\n<p>We have hairdryers in all private rooms.<\/p>\n<\/div>\n<\/div>\n<div class=\"faq-item is-visible\">\n<h3 class=\"animated-left\" data-sr-id=\"23\">Are there towels in all rooms?<\/h3>\n<div class=\"descr animated-right\" data-sr-id=\"66\">\n<p>All our private rooms are equipped with towels.<\/p>\n<\/div>\n<\/div>\n<div class=\"faq-item is-visible\">\n<h3 class=\"animated-left\" data-sr-id=\"24\">Do you accept pets?<\/h3>\n<div class=\"descr animated-right\" data-sr-id=\"67\">\n<p>We're sorry. We only accept guide dogs in private rooms.<\/p>\n<\/div>\n<\/div>\n<div class=\"faq-item is-visible\">\n<h3 class=\"animated-left\" data-sr-id=\"26\">Is there bedding?<\/h3>\n<div class=\"descr animated-right\" data-sr-id=\"69\">\n<p>Sure, we provide you with all the necessary clothing. Private rooms include sheets and towels.&nbsp;<\/p>\n<\/div>\n<\/div>\n<div class=\"faq-item is-visible\">\n<h3 class=\"animated-left\" data-sr-id=\"27\">Can I bring guests to the Apartment?<\/h3>\n<div class=\"descr animated-right\" data-sr-id=\"70\">\n<p>Everyone is welcome, but you cannot enter your room if you share it with other people. In this case we have common areas.<\/p>\n<\/div>\n<\/div>\n<div class=\"faq-item is-visible\">\n<h3 class=\"animated-left\" data-sr-id=\"28\">Do you have a washing machine?<\/h3>\n<div class=\"descr animated-right\" data-sr-id=\"71\">\n<p>Yes, all rooms have a washing machine.<\/p>\n<\/div>\n<\/div>\n<div class=\"faq-item is-visible\">\n<h3 class=\"animated-left\" data-sr-id=\"31\">Can I have a party in your flat?<\/h3>\n<div class=\"descr animated-right\" data-sr-id=\"74\">\n<p>Parties or events are not allowed in the accommodation, except with the express consent of REM Hosteler\u00eda.<\/p>\n<\/div>\n<\/div>\n<div class=\"faq-item is-visible\">\n<h3 class=\"animated-left\" data-sr-id=\"32\">Can I cook in your flat?<\/h3>\n<div class=\"descr animated-right\" data-sr-id=\"75\">\n<p>Of course, you have a full kitchen in all rooms. The kitchen is equipped with:<\/p>\n<ul>\n<li>Vitro<\/li>\n<li>Oven<\/li>\n<li>Microwaves<\/li>\n<li>Fridge<\/li>\n<li>Coffee maker<\/li>\n<li>Toaster<\/li>\n<li>Complete tableware<\/li>\n<li>Cookware<\/li>\n<\/ul>\n<\/div>\n<\/div>\n<div class=\"faq-item is-visible\">\n<h3 class=\"animated-left\" data-sr-id=\"33\">Do you have lunch and dinner service?<\/h3>\n<div class=\"descr animated-right\" data-sr-id=\"76\">\n<p>We do not have this service.<\/p>\n<\/div>\n<\/div>\n<div class=\"faq-item is-visible\">\n<h3 class=\"animated-left\" data-sr-id=\"34\">Can I buy food on the street and eat it in your Apartment?<\/h3>\n<div class=\"descr animated-right\" data-sr-id=\"77\">\n<p>Yes, there is no problem as long as you do not do it in the room. We have a common area with tables and utensils.<\/p>\n<\/div>\n<\/div>\n<div class=\"faq-item is-visible\">\n<h3 class=\"animated-left\" data-sr-id=\"35\">Can I buy alcoholic beverages and drink them in your Apartment?<\/h3>\n<div class=\"descr animated-right\" data-sr-id=\"78\">\n<p>As long as it is done in private areas.<\/p>\n<\/div>\n<\/div>\n<\/div>\n<div>&nbsp;<\/div>\n<\/section>\n<section id=\"normas\" class=\"part bg-white bottom\">\n<div class=\"container\">\n<h2>Rules<\/h2>\n<div class=\"faq-item is-visible\">\n<h3 class=\"animated-left\" data-sr-id=\"38\">Check-in and Check-out hours<\/h3>\n<div class=\"descr animated-right\" data-sr-id=\"81\">\n<p>Check-in begins at 14:00 and Check-out ends at 11:00.&nbsp;<\/p>\n<\/div>\n<\/div>\n<div class=\"faq-item is-visible\">\n<h3 class=\"animated-left\" data-sr-id=\"39\">ID<\/h3>\n<div class=\"descr animated-right\" data-sr-id=\"82\">\n<p>A European passport or ID card is required for check-in and to enter the room during the night. Reception service 24\/7. The flat also reserves the right to identify any person inside the building.<\/p>\n<\/div>\n<\/div>\n<div class=\"faq-item is-visible\">\n<h3 class=\"animated-left\" data-sr-id=\"40\">Age restrictions<\/h3>\n<div class=\"descr animated-right\" data-sr-id=\"83\">\n<p>Children under 18 years of age must stay with an adult. In the case of a non-parent, a parental consent with a copy of the signed ID must be presented. They must always stay in a private room. If this rule is not complied with, the flat is obliged not to accommodate you. In the case of group accommodation, minors will be accommodated in rooms reserved exclusively for them, accompanied by their guardians\/teachers and valid parental authorisations.<\/p>\n<\/div>\n<\/div>\n<div class=\"faq-item is-visible\">\n<h3 class=\"animated-left\" data-sr-id=\"41\">Payment of the reservation<\/h3>\n<div class=\"descr animated-right\" data-sr-id=\"84\">\n<p>All bookings with refundable rates are payable on the day of arrival. All bookings with non-refundable rates are payable at the time of booking. In case your booking consists of 6 or more places, the Apartment will send you a Charge Authorisation form to charge 100% for your stay.<\/p>\n<\/div>\n<\/div>\n<div class=\"faq-item is-visible\">\n<h3 class=\"animated-left\" data-sr-id=\"42\">Behaviour<\/h3>\n<div class=\"descr animated-right\" data-sr-id=\"85\">\n<p>Respect for other guests, neighbours and objects in the flat is requested. Failure to comply may result in being forced to leave the building.<\/p>\n<\/div>\n<\/div>\n<div class=\"faq-item is-visible\">\n<h3 class=\"animated-left\" data-sr-id=\"43\">No Smoking<\/h3>\n<div class=\"descr animated-right\" data-sr-id=\"86\">\n<p>Smoking is not allowed inside the building, as well as on the balconies. There are common areas for smokers.<\/p>\n<\/div>\n<\/div>\n<div class=\"faq-item is-visible\">\n<h3 class=\"animated-left\" data-sr-id=\"44\">No drugs<\/h3>\n<div class=\"descr animated-right\" data-sr-id=\"87\">\n<p>Drugs are illegal in Spain. If any guest consumes drugs in any part of the building, they will be forced to leave the facilities. No refund will be issued.<\/p>\n<\/div>\n<\/div>\n<div class=\"faq-item is-visible\">\n<h3 class=\"animated-left\" data-sr-id=\"46\">Personal items<\/h3>\n<div class=\"descr animated-right\" data-sr-id=\"89\">\n<p>REM Hosteler\u00eda is not responsible for the personal belongings of the clients.<\/p>\n<\/div>\n<\/div>\n<\/div>\n<\/section>\t\t\t\t\t\t\t\t<\/div>\n\t\t\t\t<\/div>\n\t\t\t\t\t<\/div>\n\t\t<\/div>\n\t\t\t\t\t<\/div>\n\t\t<\/section>\n\t\t\t\t<\/div>","protected":false},"excerpt":{"rendered":"<p>Preguntas frecuentes y Normas \u00bfPuedo cancelar o modificar mi reserva? S\u00ed, siempre que hayas seleccionado una tarifa reembolsable en tu reserva. Si tu tarifa es No reembolsable, \u00e9sta no se podr\u00e1 cancelar ni modificar. \u00bfCu\u00e1les son las condiciones de cancelaci\u00f3n y reembolso? Seg\u00fan la tarifa que escojas tendr\u00e1s unas condiciones u otras. Las puedes ver [&hellip;]<\/p>\n","protected":false},"author":1,"featured_media":0,"parent":0,"menu_order":0,"comment_status":"closed","ping_status":"closed","template":"","meta":{"_acf_changed":false,"site-sidebar-layout":"no-sidebar","site-content-layout":"plain-container","ast-site-content-layout":"default","site-content-style":"default","site-sidebar-style":"default","ast-global-header-display":"","ast-banner-title-visibility":"","ast-main-header-display":"","ast-hfb-above-header-display":"","ast-hfb-below-header-display":"","ast-hfb-mobile-header-display":"","site-post-title":"disabled","ast-breadcrumbs-content":"disabled","ast-featured-img":"disabled","footer-sml-layout":"","ast-disable-related-posts":"","theme-transparent-header-meta":"default","adv-header-id-meta":"","stick-header-meta":"default","header-above-stick-meta":"","header-main-stick-meta":"","header-below-stick-meta":"","astra-migrate-meta-layouts":"default","ast-page-background-enabled":"default","ast-page-background-meta":{"desktop":{"background-color":"","background-image":"","background-repeat":"repeat","background-position":"center center","background-size":"auto","background-attachment":"scroll","background-type":"","background-media":"","overlay-type":"","overlay-color":"","overlay-opacity":"","overlay-gradient":""},"tablet":{"background-color":"","background-image":"","background-repeat":"repeat","background-position":"center center","background-size":"auto","background-attachment":"scroll","background-type":"","background-media":"","overlay-type":"","overlay-color":"","overlay-opacity":"","overlay-gradient":""},"mobile":{"background-color":"","background-image":"","background-repeat":"repeat","background-position":"center center","background-size":"auto","background-attachment":"scroll","background-type":"","background-media":"","overlay-type":"","overlay-color":"","overlay-opacity":"","overlay-gradient":""}},"ast-content-background-meta":{"desktop":{"background-color":"var(--ast-global-color-5)","background-image":"","background-repeat":"repeat","background-position":"center center","background-size":"auto","background-attachment":"scroll","background-type":"","background-media":"","overlay-type":"","overlay-color":"","overlay-opacity":"","overlay-gradient":""},"tablet":{"background-color":"var(--ast-global-color-5)","background-image":"","background-repeat":"repeat","background-position":"center center","background-size":"auto","background-attachment":"scroll","background-type":"","background-media":"","overlay-type":"","overlay-color":"","overlay-opacity":"","overlay-gradient":""},"mobile":{"background-color":"var(--ast-global-color-5)","background-image":"","background-repeat":"repeat","background-position":"center center","background-size":"auto","background-attachment":"scroll","background-type":"","background-media":"","overlay-type":"","overlay-color":"","overlay-opacity":"","overlay-gradient":""}},"footnotes":""},"class_list":["post-445","page","type-page","status-publish","hentry"],"acf":[],"yoast_head":"<!-- This site is optimized with the Yoast SEO plugin v27.5 - https:\/\/yoast.com\/product\/yoast-seo-wordpress\/ -->\n<title>Preguntas frecuentes normas - Rem Apartamentos<\/title>\n<meta name=\"robots\" content=\"index, follow, max-snippet:-1, max-image-preview:large, max-video-preview:-1\" \/>\n<link rel=\"canonical\" href=\"https:\/\/remapartamentos.com\/en\/preguntas-frecuentes-normas\/\" \/>\n<meta property=\"og:locale\" content=\"en_GB\" \/>\n<meta property=\"og:type\" content=\"article\" \/>\n<meta property=\"og:title\" content=\"Preguntas frecuentes normas - Rem Apartamentos\" \/>\n<meta property=\"og:description\" content=\"Preguntas frecuentes y Normas \u00bfPuedo cancelar o modificar mi reserva? S\u00ed, siempre que hayas seleccionado una tarifa reembolsable en tu reserva. Si tu tarifa es No reembolsable, \u00e9sta no se podr\u00e1 cancelar ni modificar. \u00bfCu\u00e1les son las condiciones de cancelaci\u00f3n y reembolso? Seg\u00fan la tarifa que escojas tendr\u00e1s unas condiciones u otras. Las puedes ver [&hellip;]\" \/>\n<meta property=\"og:url\" content=\"https:\/\/remapartamentos.com\/en\/preguntas-frecuentes-normas\/\" \/>\n<meta property=\"og:site_name\" content=\"Rem Apartamentos\" \/>\n<meta property=\"article:modified_time\" content=\"2025-11-20T13:17:30+00:00\" \/>\n<meta name=\"twitter:card\" content=\"summary_large_image\" \/>\n<meta name=\"twitter:label1\" content=\"Est. reading time\" \/>\n\t<meta name=\"twitter:data1\" content=\"4 minutes\" \/>\n<script type=\"application\/ld+json\" class=\"yoast-schema-graph\">{\"@context\":\"https:\\\/\\\/schema.org\",\"@graph\":[{\"@type\":\"WebPage\",\"@id\":\"https:\\\/\\\/remapartamentos.com\\\/preguntas-frecuentes-normas\\\/\",\"url\":\"https:\\\/\\\/remapartamentos.com\\\/preguntas-frecuentes-normas\\\/\",\"name\":\"Preguntas frecuentes normas - Rem Apartamentos\",\"isPartOf\":{\"@id\":\"https:\\\/\\\/remapartamentos.com\\\/#website\"},\"datePublished\":\"2020-07-31T14:57:17+00:00\",\"dateModified\":\"2025-11-20T13:17:30+00:00\",\"breadcrumb\":{\"@id\":\"https:\\\/\\\/remapartamentos.com\\\/preguntas-frecuentes-normas\\\/#breadcrumb\"},\"inLanguage\":\"en-GB\",\"potentialAction\":[{\"@type\":\"ReadAction\",\"target\":[\"https:\\\/\\\/remapartamentos.com\\\/preguntas-frecuentes-normas\\\/\"]}]},{\"@type\":\"BreadcrumbList\",\"@id\":\"https:\\\/\\\/remapartamentos.com\\\/preguntas-frecuentes-normas\\\/#breadcrumb\",\"itemListElement\":[{\"@type\":\"ListItem\",\"position\":1,\"name\":\"Portada\",\"item\":\"https:\\\/\\\/remapartamentos.com\\\/\"},{\"@type\":\"ListItem\",\"position\":2,\"name\":\"Preguntas frecuentes normas\"}]},{\"@type\":\"WebSite\",\"@id\":\"https:\\\/\\\/remapartamentos.com\\\/#website\",\"url\":\"https:\\\/\\\/remapartamentos.com\\\/\",\"name\":\"Rem Apartamentos\",\"description\":\"\",\"publisher\":{\"@id\":\"https:\\\/\\\/remapartamentos.com\\\/#organization\"},\"potentialAction\":[{\"@type\":\"SearchAction\",\"target\":{\"@type\":\"EntryPoint\",\"urlTemplate\":\"https:\\\/\\\/remapartamentos.com\\\/?s={search_term_string}\"},\"query-input\":{\"@type\":\"PropertyValueSpecification\",\"valueRequired\":true,\"valueName\":\"search_term_string\"}}],\"inLanguage\":\"en-GB\"},{\"@type\":\"Organization\",\"@id\":\"https:\\\/\\\/remapartamentos.com\\\/#organization\",\"name\":\"Rem Apartamentos\",\"url\":\"https:\\\/\\\/remapartamentos.com\\\/\",\"logo\":{\"@type\":\"ImageObject\",\"inLanguage\":\"en-GB\",\"@id\":\"https:\\\/\\\/remapartamentos.com\\\/#\\\/schema\\\/logo\\\/image\\\/\",\"url\":\"https:\\\/\\\/remapartamentos.com\\\/wp-content\\\/uploads\\\/logo-160x53-2.png\",\"contentUrl\":\"https:\\\/\\\/remapartamentos.com\\\/wp-content\\\/uploads\\\/logo-160x53-2.png\",\"width\":160,\"height\":53,\"caption\":\"Rem Apartamentos\"},\"image\":{\"@id\":\"https:\\\/\\\/remapartamentos.com\\\/#\\\/schema\\\/logo\\\/image\\\/\"}}]}<\/script>\n<!-- \/ Yoast SEO plugin. -->","yoast_head_json":{"title":"Preguntas frecuentes normas - Rem Apartamentos","robots":{"index":"index","follow":"follow","max-snippet":"max-snippet:-1","max-image-preview":"max-image-preview:large","max-video-preview":"max-video-preview:-1"},"canonical":"https:\/\/remapartamentos.com\/en\/preguntas-frecuentes-normas\/","og_locale":"en_GB","og_type":"article","og_title":"Preguntas frecuentes normas - Rem Apartamentos","og_description":"Preguntas frecuentes y Normas \u00bfPuedo cancelar o modificar mi reserva? S\u00ed, siempre que hayas seleccionado una tarifa reembolsable en tu reserva. Si tu tarifa es No reembolsable, \u00e9sta no se podr\u00e1 cancelar ni modificar. \u00bfCu\u00e1les son las condiciones de cancelaci\u00f3n y reembolso? Seg\u00fan la tarifa que escojas tendr\u00e1s unas condiciones u otras. Las puedes ver [&hellip;]","og_url":"https:\/\/remapartamentos.com\/en\/preguntas-frecuentes-normas\/","og_site_name":"Rem Apartamentos","article_modified_time":"2025-11-20T13:17:30+00:00","twitter_card":"summary_large_image","twitter_misc":{"Est. reading time":"4 minutes"},"schema":{"@context":"https:\/\/schema.org","@graph":[{"@type":"WebPage","@id":"https:\/\/remapartamentos.com\/preguntas-frecuentes-normas\/","url":"https:\/\/remapartamentos.com\/preguntas-frecuentes-normas\/","name":"Preguntas frecuentes normas - Rem Apartamentos","isPartOf":{"@id":"https:\/\/remapartamentos.com\/#website"},"datePublished":"2020-07-31T14:57:17+00:00","dateModified":"2025-11-20T13:17:30+00:00","breadcrumb":{"@id":"https:\/\/remapartamentos.com\/preguntas-frecuentes-normas\/#breadcrumb"},"inLanguage":"en-GB","potentialAction":[{"@type":"ReadAction","target":["https:\/\/remapartamentos.com\/preguntas-frecuentes-normas\/"]}]},{"@type":"BreadcrumbList","@id":"https:\/\/remapartamentos.com\/preguntas-frecuentes-normas\/#breadcrumb","itemListElement":[{"@type":"ListItem","position":1,"name":"Portada","item":"https:\/\/remapartamentos.com\/"},{"@type":"ListItem","position":2,"name":"Preguntas frecuentes normas"}]},{"@type":"WebSite","@id":"https:\/\/remapartamentos.com\/#website","url":"https:\/\/remapartamentos.com\/","name":"Rem Apartments","description":"","publisher":{"@id":"https:\/\/remapartamentos.com\/#organization"},"potentialAction":[{"@type":"SearchAction","target":{"@type":"EntryPoint","urlTemplate":"https:\/\/remapartamentos.com\/?s={search_term_string}"},"query-input":{"@type":"PropertyValueSpecification","valueRequired":true,"valueName":"search_term_string"}}],"inLanguage":"en-GB"},{"@type":"Organization","@id":"https:\/\/remapartamentos.com\/#organization","name":"Rem Apartments","url":"https:\/\/remapartamentos.com\/","logo":{"@type":"ImageObject","inLanguage":"en-GB","@id":"https:\/\/remapartamentos.com\/#\/schema\/logo\/image\/","url":"https:\/\/remapartamentos.com\/wp-content\/uploads\/logo-160x53-2.png","contentUrl":"https:\/\/remapartamentos.com\/wp-content\/uploads\/logo-160x53-2.png","width":160,"height":53,"caption":"Rem Apartamentos"},"image":{"@id":"https:\/\/remapartamentos.com\/#\/schema\/logo\/image\/"}}]}},"_links":{"self":[{"href":"https:\/\/remapartamentos.com\/en\/wp-json\/wp\/v2\/pages\/445","targetHints":{"allow":["GET"]}}],"collection":[{"href":"https:\/\/remapartamentos.com\/en\/wp-json\/wp\/v2\/pages"}],"about":[{"href":"https:\/\/remapartamentos.com\/en\/wp-json\/wp\/v2\/types\/page"}],"author":[{"embeddable":true,"href":"https:\/\/remapartamentos.com\/en\/wp-json\/wp\/v2\/users\/1"}],"replies":[{"embeddable":true,"href":"https:\/\/remapartamentos.com\/en\/wp-json\/wp\/v2\/comments?post=445"}],"version-history":[{"count":0,"href":"https:\/\/remapartamentos.com\/en\/wp-json\/wp\/v2\/pages\/445\/revisions"}],"wp:attachment":[{"href":"https:\/\/remapartamentos.com\/en\/wp-json\/wp\/v2\/media?parent=445"}],"curies":[{"name":"wp","href":"https:\/\/api.w.org\/{rel}","templated":true}]}}