{"id":854,"date":"2021-02-15T17:18:24","date_gmt":"2021-02-15T16:18:24","guid":{"rendered":"https:\/\/remapartamentos.com\/?page_id=854"},"modified":"2024-11-01T19:33:44","modified_gmt":"2024-11-01T18:33:44","slug":"politica-de-cookies","status":"publish","type":"page","link":"https:\/\/remapartamentos.com\/en\/politica-de-cookies\/","title":{"rendered":"Cookies Policy"},"content":{"rendered":"<div data-elementor-type=\"wp-page\" data-elementor-id=\"854\" class=\"elementor elementor-854\">\n\t\t\t\t\t\t<section class=\"elementor-section elementor-top-section elementor-element elementor-element-b6be4e6 elementor-section-boxed elementor-section-height-default elementor-section-height-default\" data-id=\"b6be4e6\" data-element_type=\"section\" data-e-type=\"section\">\n\t\t\t\t\t\t<div class=\"elementor-container elementor-column-gap-default\">\n\t\t\t\t\t<div class=\"elementor-column elementor-col-100 elementor-top-column elementor-element elementor-element-8b69b17\" data-id=\"8b69b17\" data-element_type=\"column\" data-e-type=\"column\">\n\t\t\t<div class=\"elementor-widget-wrap elementor-element-populated\">\n\t\t\t\t\t\t<section class=\"elementor-section elementor-inner-section elementor-element elementor-element-aa8cd52 elementor-section-boxed elementor-section-height-default elementor-section-height-default\" data-id=\"aa8cd52\" data-element_type=\"section\" data-e-type=\"section\">\n\t\t\t\t\t\t<div class=\"elementor-container elementor-column-gap-default\">\n\t\t\t\t\t<div class=\"elementor-column elementor-col-100 elementor-inner-column elementor-element elementor-element-e8e47b9\" data-id=\"e8e47b9\" data-element_type=\"column\" data-e-type=\"column\">\n\t\t\t<div class=\"elementor-widget-wrap elementor-element-populated\">\n\t\t\t\t\t\t<div class=\"elementor-element elementor-element-8a40179 elementor-widget elementor-widget-heading\" data-id=\"8a40179\" data-element_type=\"widget\" data-e-type=\"widget\" data-widget_type=\"heading.default\">\n\t\t\t\t<div class=\"elementor-widget-container\">\n\t\t\t\t\t<h1 class=\"elementor-heading-title elementor-size-default\">Cookies policy<\/h1>\t\t\t\t<\/div>\n\t\t\t\t<\/div>\n\t\t\t\t<div class=\"elementor-element elementor-element-6590d40 elementor-widget-divider--view-line elementor-widget elementor-widget-divider\" data-id=\"6590d40\" data-element_type=\"widget\" data-e-type=\"widget\" data-widget_type=\"divider.default\">\n\t\t\t\t<div class=\"elementor-widget-container\">\n\t\t\t\t\t\t\t<div class=\"elementor-divider\">\n\t\t\t<span class=\"elementor-divider-separator\">\n\t\t\t\t\t\t<\/span>\n\t\t<\/div>\n\t\t\t\t\t\t<\/div>\n\t\t\t\t<\/div>\n\t\t\t\t\t<\/div>\n\t\t<\/div>\n\t\t\t\t\t<\/div>\n\t\t<\/section>\n\t\t\t\t\t<\/div>\n\t\t<\/div>\n\t\t\t\t\t<\/div>\n\t\t<\/section>\n\t\t\t\t<section class=\"elementor-section elementor-top-section elementor-element elementor-element-2591633 elementor-section-boxed elementor-section-height-default elementor-section-height-default\" data-id=\"2591633\" data-element_type=\"section\" data-e-type=\"section\">\n\t\t\t\t\t\t<div class=\"elementor-container elementor-column-gap-default\">\n\t\t\t\t\t<div class=\"elementor-column elementor-col-100 elementor-top-column elementor-element elementor-element-25cec70\" data-id=\"25cec70\" data-element_type=\"column\" data-e-type=\"column\">\n\t\t\t<div class=\"elementor-widget-wrap elementor-element-populated\">\n\t\t\t\t\t\t<div class=\"elementor-element elementor-element-9de2133 elementor-widget elementor-widget-text-editor\" data-id=\"9de2133\" data-element_type=\"widget\" data-e-type=\"widget\" data-widget_type=\"text-editor.default\">\n\t\t\t\t<div class=\"elementor-widget-container\">\n\t\t\t\t\t\t\t\t\t<p><span style=\"text-decoration: underline;\"><strong>Article 22.2 of Law 34\/2002, of July 11, on Services of the Information Society and Electronic Commerce, establishes the obligation to inform Users of those Websites that are going to install cookies on the device, about what cookies are, what types of cookies the Website is going to install, as well as how to disable, delete and reject the use of cookies.<\/strong><\/span><\/p><p><span style=\"text-decoration: underline;\"><strong>Likewise, the obligation to inform the User about the use of cookies through checkboxes on the web is established, in order to ensure the reading and information of the Legal Notice.<\/strong><\/span><\/p><p><span style=\"text-decoration: underline;\"><strong>To comply with the provisions of the aforementioned article, you must:<\/strong><\/span><\/p><ol><li><span style=\"text-decoration: underline;\"><strong>Locate a check box with the text: \"I have read the Legal Notice and I accept the Privacy and Data Protection Policy\", so that it is impossible not to read it (pop up)<\/strong><\/span><\/li><li><span style=\"text-decoration: underline;\"><strong>Make it impossible to navigate on the Website if they do not \"click\" on the box.<\/strong><\/span><\/li><li><span style=\"text-decoration: underline;\"><strong>Locate a POP UP box with the text: \u201cWe use our own and third-party cookies to improve our services and show you advertising related to your preferences based on a profile prepared from your browsing habits (for example, pages visited). You can get more information and configure your preferences HERE. By clicking on \"Accept\", you authorize the use of cookies on our website.<\/strong><\/span><\/li><\/ol><p><span style=\"text-decoration: underline;\"><strong>The cookie notice must be located in a visible place on the web so that the user sees it as soon as they enter our site. In addition, once the user of the website clicks \"HERE\", the cookie policy page will be displayed, which will include the following text:<\/strong><\/span><\/p><h3>Cookies policy:<\/h3><p>The purpose of this cookie policy is to inform you clearly and precisely about the cookies used on the Grupo Magani de Hosteler\u00eda, SL website.<\/p><p>The information collected through cookies may include the date and time of visits to the Website, the pages viewed, the time spent on the Website and the sites visited just before and just after it. However, no cookie allows the Website to contact the User's phone number or any other means of personal contact. No cookie can extract information from the User's hard drive or steal personal information. The only way that the User's private information is part of the cookie file is for the User to personally give that information to the server.<\/p><p>Cookies that allow a person to be identified are considered personal data. For the use of cookies, the consent of the User will be necessary. This consent will be communicated, based on an authentic choice, offered through an affirmative and positive decision, before the initial treatment, removable and documented.<\/p><h3>What are cookies?<\/h3><p>A cookie is a small piece of text that the websites you visit send to the browser and that allows the website to remember information about your visit, such as your preferred language and other options, in order to facilitate your next visit and make the site is most helpful to you. Cookies play a very important role and contribute to a better browsing experience for the user.<\/p><h3>What types of cookies are used on this website?<\/h3><p>Depending on who is the entity that manages the domain from where the cookies are sent and the data obtained is processed, two types can be distinguished: own cookies and third-party cookies.<\/p><h3>Own cookies<\/h3><p>They are those cookies that are sent to the User's computer or device and managed exclusively by Grupo Magani de Hosteler\u00eda, SL for the best functioning of the Website. The information that is collected is used to improve the quality of the Website and its content, as well as your experience as a User. These cookies allow the User to be recognized as a recurring visitor to the Website and adapt the content to offer content that meets their preferences.<\/p><h3>Social media cookies<\/h3><p>Grupo Magani de Hosteler\u00eda, SL incorporates <em>plugins<\/em> of social networks, which allow access to them from the Website. For this reason, social network cookies can be stored in the User's browser. The owners of these social networks have their own data protection and cookie policies, being themselves, in each case, responsible for their own files and their own privacy practices. The User must refer to them to find out about said cookies and, where appropriate, the processing of their personal data. For informational purposes only, the links where you can consult these privacy and \/ or cookie policies are indicated below:<\/p><p>Facebook: <a href=\"https:\/\/www.facebook.com\/policies\/cookies\">https:\/\/www.facebook.com\/policies\/cookies<\/a><\/p><p>Twitter: <a href=\"https:\/\/www.twitter.com\/es\/privacy\">https:\/\/www.twitter.com\/es\/privacy<\/a><\/p><p>Instagram: <a href=\"https:\/\/help.instagram.com\/1896641480634370?ref=ig\">https:\/\/help.instagram.com\/1896641480634370?ref=ig<\/a><\/p><p>Youtube: <a href=\"https:\/\/policies.google.com\/privacy?hl=es-419&amp;gl=mx\">https:\/\/policies.google.com\/privacy?hl=es-419&amp;gl=mx<\/a><\/p><p>Google+: <a href=\"https:\/\/policies.google.com\/technologies\/cookies?hl=es\">https:\/\/policies.google.com\/technologies\/cookies?hl=es<\/a><\/p><p>Pinterest: <a href=\"https:\/\/policy.pinterest.com\/es\/privacy-policy\">https:\/\/policy.pinterest.com\/es\/privacy-policy<\/a><\/p><p>Linkedin: <a href=\"https:\/\/www.linkedin.com\/legal\/cookie-policy?trk=hp-cookies\">https:\/\/www.linkedin.com\/legal\/cookie-policy?trk=hp-cookies<\/a><\/p><p>Cookies allow us to track User interaction within the Website. This gives us valuable ideas that allow us to improve the Website and the services we offer.<\/p><p>We also work with partners who create third-party cookies that are then used on other websites to advertise in an appropriate and relevant way based on your browsing history. These cookies do not store personal information, and are based exclusively on browsing history.<\/p><p>There is also a second classification according to the period of time that they remain stored in the client's browser, which may be session cookies or persistent cookies.<\/p><p><strong>Session cookies<\/strong> they contain information that is used within your current browser session. These cookies are automatically deleted when you close the browser. Nothing is kept on your computer beyond the time you spend on the Website.<\/p><p><strong>Persistent cookies<\/strong>, are used to store the information that is used between visits. This data enables websites to recognize that you are a regular customer and to react accordingly. Persistent cookies have a lifetime value that is set on the Website, which can vary from a few minutes to several years.<\/p><p>Finally, there is another classification with five types of cookies according to the purpose for which the data obtained is processed: technical cookies, personalization cookies, analysis cookies, advertising cookies and behavioral advertising cookies.<\/p><p>Of all of them, this Website uses <em>cookies<\/em> analysis and behavioral advertising:<\/p><p><strong>The<em> cookies<\/em> of analysis<\/strong> are those that, processed by Grupo Magani de Hosteler\u00eda, SL or by third parties, allow us to quantify the number of users and thus carry out the statistical measurement and analysis of the use that users make of the service offered. To do this, your browsing on our Website is analyzed in order to improve the offer of products or services that we offer you.<\/p><p><strong>The <em>cookies<\/em> behavioral advertising<\/strong> are those that, processed by Grupo Magani de Hosteler\u00eda, SL or by third parties, allow us to analyze your Internet browsing habits so that we can show you advertising related to your browsing profile.<\/p><h3>Links to other Websites<\/h3><p>For your convenience, this Website may contain links to other Websites that may have different privacy policies. We recommend that you examine their respective clauses on data protection. Under no circumstances will personal data be exchanged with those Websites without your prior and informed consent. Grupo Magani de Hosteler\u00eda, SL is not responsible for the content or any other aspect related to Websites belonging to or directed by third parties.<\/p><h3>Disable, reject and delete cookies<\/h3><p>The user can disable, reject and delete cookies - totally or partially - installed on their device through their browser settings (among which are, for example, Chrome, Firefox, Safari, Explorer). In this sense, the procedures for rejecting and deleting cookies may differ from one Internet browser to another. Consequently, the User must refer to the instructions provided by the Internet browser they are using. In the event that you reject the use of cookies - totally or partially - you will be able to continue using the Website, although the use of some of its features may be limited. Keep in mind that if you accept third-party cookies, you must delete them from the browser options.<\/p><h3>Acceptance of the cookie policy<\/h3><p>Pressing the \"Accept\" button assumes that you accept the use of cookies.<\/p><p>\u00a0<\/p>\t\t\t\t\t\t\t\t<\/div>\n\t\t\t\t<\/div>\n\t\t\t\t\t<\/div>\n\t\t<\/div>\n\t\t\t\t\t<\/div>\n\t\t<\/section>\n\t\t\t\t<\/div>","protected":false},"excerpt":{"rendered":"<p>Pol\u00edtica de cookies El art\u00edculo 22.2 de la Ley 34\/2002, de 11 de julio, de Servicios de la Sociedad de la Informaci\u00f3n y de Comercio Electr\u00f3nico, establece la obligaci\u00f3n de informar a los Usuarios de aquellos Sitios Web que vayan a instalar cookies en el dispositivo, acerca de qu\u00e9 son las cookies, qu\u00e9 tipos de [&hellip;]<\/p>\n","protected":false},"author":1,"featured_media":0,"parent":0,"menu_order":0,"comment_status":"closed","ping_status":"closed","template":"","meta":{"_acf_changed":false,"site-sidebar-layout":"no-sidebar","site-content-layout":"page-builder","ast-site-content-layout":"default","site-content-style":"default","site-sidebar-style":"default","ast-global-header-display":"","ast-banner-title-visibility":"","ast-main-header-display":"","ast-hfb-above-header-display":"","ast-hfb-below-header-display":"","ast-hfb-mobile-header-display":"","site-post-title":"disabled","ast-breadcrumbs-content":"","ast-featured-img":"disabled","footer-sml-layout":"","ast-disable-related-posts":"","theme-transparent-header-meta":"default","adv-header-id-meta":"","stick-header-meta":"default","header-above-stick-meta":"","header-main-stick-meta":"","header-below-stick-meta":"","astra-migrate-meta-layouts":"default","ast-page-background-enabled":"default","ast-page-background-meta":{"desktop":{"background-color":"","background-image":"","background-repeat":"repeat","background-position":"center center","background-size":"auto","background-attachment":"scroll","background-type":"","background-media":"","overlay-type":"","overlay-color":"","overlay-opacity":"","overlay-gradient":""},"tablet":{"background-color":"","background-image":"","background-repeat":"repeat","background-position":"center center","background-size":"auto","background-attachment":"scroll","background-type":"","background-media":"","overlay-type":"","overlay-color":"","overlay-opacity":"","overlay-gradient":""},"mobile":{"background-color":"","background-image":"","background-repeat":"repeat","background-position":"center center","background-size":"auto","background-attachment":"scroll","background-type":"","background-media":"","overlay-type":"","overlay-color":"","overlay-opacity":"","overlay-gradient":""}},"ast-content-background-meta":{"desktop":{"background-color":"var(--ast-global-color-5)","background-image":"","background-repeat":"repeat","background-position":"center center","background-size":"auto","background-attachment":"scroll","background-type":"","background-media":"","overlay-type":"","overlay-color":"","overlay-opacity":"","overlay-gradient":""},"tablet":{"background-color":"var(--ast-global-color-5)","background-image":"","background-repeat":"repeat","background-position":"center center","background-size":"auto","background-attachment":"scroll","background-type":"","background-media":"","overlay-type":"","overlay-color":"","overlay-opacity":"","overlay-gradient":""},"mobile":{"background-color":"var(--ast-global-color-5)","background-image":"","background-repeat":"repeat","background-position":"center center","background-size":"auto","background-attachment":"scroll","background-type":"","background-media":"","overlay-type":"","overlay-color":"","overlay-opacity":"","overlay-gradient":""}},"footnotes":""},"class_list":["post-854","page","type-page","status-publish","hentry"],"acf":[],"yoast_head":"<!-- This site is optimized with the Yoast SEO plugin v27.5 - https:\/\/yoast.com\/product\/yoast-seo-wordpress\/ -->\n<title>Pol\u00edtica de Cookies - Rem Apartamentos<\/title>\n<meta name=\"robots\" content=\"index, follow, max-snippet:-1, max-image-preview:large, max-video-preview:-1\" \/>\n<link rel=\"canonical\" href=\"https:\/\/remapartamentos.com\/en\/politica-de-cookies\/\" \/>\n<meta property=\"og:locale\" content=\"en_GB\" \/>\n<meta property=\"og:type\" content=\"article\" \/>\n<meta property=\"og:title\" content=\"Pol\u00edtica de Cookies - Rem Apartamentos\" \/>\n<meta property=\"og:description\" content=\"Pol\u00edtica de cookies El art\u00edculo 22.2 de la Ley 34\/2002, de 11 de julio, de Servicios de la Sociedad de la Informaci\u00f3n y de Comercio Electr\u00f3nico, establece la obligaci\u00f3n de informar a los Usuarios de aquellos Sitios Web que vayan a instalar cookies en el dispositivo, acerca de qu\u00e9 son las cookies, qu\u00e9 tipos de [&hellip;]\" \/>\n<meta property=\"og:url\" content=\"https:\/\/remapartamentos.com\/en\/politica-de-cookies\/\" \/>\n<meta property=\"og:site_name\" content=\"Rem Apartamentos\" \/>\n<meta property=\"article:modified_time\" content=\"2024-11-01T18:33:44+00:00\" \/>\n<meta name=\"twitter:card\" content=\"summary_large_image\" \/>\n<meta name=\"twitter:label1\" content=\"Est. reading time\" \/>\n\t<meta name=\"twitter:data1\" content=\"8 minutes\" \/>\n<script type=\"application\/ld+json\" class=\"yoast-schema-graph\">{\"@context\":\"https:\\\/\\\/schema.org\",\"@graph\":[{\"@type\":\"WebPage\",\"@id\":\"https:\\\/\\\/remapartamentos.com\\\/politica-de-cookies\\\/\",\"url\":\"https:\\\/\\\/remapartamentos.com\\\/politica-de-cookies\\\/\",\"name\":\"Pol\u00edtica de Cookies - Rem Apartamentos\",\"isPartOf\":{\"@id\":\"https:\\\/\\\/remapartamentos.com\\\/#website\"},\"datePublished\":\"2021-02-15T16:18:24+00:00\",\"dateModified\":\"2024-11-01T18:33:44+00:00\",\"breadcrumb\":{\"@id\":\"https:\\\/\\\/remapartamentos.com\\\/politica-de-cookies\\\/#breadcrumb\"},\"inLanguage\":\"en-GB\",\"potentialAction\":[{\"@type\":\"ReadAction\",\"target\":[\"https:\\\/\\\/remapartamentos.com\\\/politica-de-cookies\\\/\"]}]},{\"@type\":\"BreadcrumbList\",\"@id\":\"https:\\\/\\\/remapartamentos.com\\\/politica-de-cookies\\\/#breadcrumb\",\"itemListElement\":[{\"@type\":\"ListItem\",\"position\":1,\"name\":\"Portada\",\"item\":\"https:\\\/\\\/remapartamentos.com\\\/\"},{\"@type\":\"ListItem\",\"position\":2,\"name\":\"Pol\u00edtica de Cookies\"}]},{\"@type\":\"WebSite\",\"@id\":\"https:\\\/\\\/remapartamentos.com\\\/#website\",\"url\":\"https:\\\/\\\/remapartamentos.com\\\/\",\"name\":\"Rem Apartamentos\",\"description\":\"\",\"publisher\":{\"@id\":\"https:\\\/\\\/remapartamentos.com\\\/#organization\"},\"potentialAction\":[{\"@type\":\"SearchAction\",\"target\":{\"@type\":\"EntryPoint\",\"urlTemplate\":\"https:\\\/\\\/remapartamentos.com\\\/?s={search_term_string}\"},\"query-input\":{\"@type\":\"PropertyValueSpecification\",\"valueRequired\":true,\"valueName\":\"search_term_string\"}}],\"inLanguage\":\"en-GB\"},{\"@type\":\"Organization\",\"@id\":\"https:\\\/\\\/remapartamentos.com\\\/#organization\",\"name\":\"Rem Apartamentos\",\"url\":\"https:\\\/\\\/remapartamentos.com\\\/\",\"logo\":{\"@type\":\"ImageObject\",\"inLanguage\":\"en-GB\",\"@id\":\"https:\\\/\\\/remapartamentos.com\\\/#\\\/schema\\\/logo\\\/image\\\/\",\"url\":\"https:\\\/\\\/remapartamentos.com\\\/wp-content\\\/uploads\\\/logo-160x53-2.png\",\"contentUrl\":\"https:\\\/\\\/remapartamentos.com\\\/wp-content\\\/uploads\\\/logo-160x53-2.png\",\"width\":160,\"height\":53,\"caption\":\"Rem Apartamentos\"},\"image\":{\"@id\":\"https:\\\/\\\/remapartamentos.com\\\/#\\\/schema\\\/logo\\\/image\\\/\"}}]}<\/script>\n<!-- \/ Yoast SEO plugin. -->","yoast_head_json":{"title":"Pol\u00edtica de Cookies - Rem Apartamentos","robots":{"index":"index","follow":"follow","max-snippet":"max-snippet:-1","max-image-preview":"max-image-preview:large","max-video-preview":"max-video-preview:-1"},"canonical":"https:\/\/remapartamentos.com\/en\/politica-de-cookies\/","og_locale":"en_GB","og_type":"article","og_title":"Pol\u00edtica de Cookies - Rem Apartamentos","og_description":"Pol\u00edtica de cookies El art\u00edculo 22.2 de la Ley 34\/2002, de 11 de julio, de Servicios de la Sociedad de la Informaci\u00f3n y de Comercio Electr\u00f3nico, establece la obligaci\u00f3n de informar a los Usuarios de aquellos Sitios Web que vayan a instalar cookies en el dispositivo, acerca de qu\u00e9 son las cookies, qu\u00e9 tipos de [&hellip;]","og_url":"https:\/\/remapartamentos.com\/en\/politica-de-cookies\/","og_site_name":"Rem Apartamentos","article_modified_time":"2024-11-01T18:33:44+00:00","twitter_card":"summary_large_image","twitter_misc":{"Est. reading time":"8 minutes"},"schema":{"@context":"https:\/\/schema.org","@graph":[{"@type":"WebPage","@id":"https:\/\/remapartamentos.com\/politica-de-cookies\/","url":"https:\/\/remapartamentos.com\/politica-de-cookies\/","name":"Pol\u00edtica de Cookies - Rem Apartamentos","isPartOf":{"@id":"https:\/\/remapartamentos.com\/#website"},"datePublished":"2021-02-15T16:18:24+00:00","dateModified":"2024-11-01T18:33:44+00:00","breadcrumb":{"@id":"https:\/\/remapartamentos.com\/politica-de-cookies\/#breadcrumb"},"inLanguage":"en-GB","potentialAction":[{"@type":"ReadAction","target":["https:\/\/remapartamentos.com\/politica-de-cookies\/"]}]},{"@type":"BreadcrumbList","@id":"https:\/\/remapartamentos.com\/politica-de-cookies\/#breadcrumb","itemListElement":[{"@type":"ListItem","position":1,"name":"Portada","item":"https:\/\/remapartamentos.com\/"},{"@type":"ListItem","position":2,"name":"Pol\u00edtica de Cookies"}]},{"@type":"WebSite","@id":"https:\/\/remapartamentos.com\/#website","url":"https:\/\/remapartamentos.com\/","name":"Rem Apartments","description":"","publisher":{"@id":"https:\/\/remapartamentos.com\/#organization"},"potentialAction":[{"@type":"SearchAction","target":{"@type":"EntryPoint","urlTemplate":"https:\/\/remapartamentos.com\/?s={search_term_string}"},"query-input":{"@type":"PropertyValueSpecification","valueRequired":true,"valueName":"search_term_string"}}],"inLanguage":"en-GB"},{"@type":"Organization","@id":"https:\/\/remapartamentos.com\/#organization","name":"Rem Apartments","url":"https:\/\/remapartamentos.com\/","logo":{"@type":"ImageObject","inLanguage":"en-GB","@id":"https:\/\/remapartamentos.com\/#\/schema\/logo\/image\/","url":"https:\/\/remapartamentos.com\/wp-content\/uploads\/logo-160x53-2.png","contentUrl":"https:\/\/remapartamentos.com\/wp-content\/uploads\/logo-160x53-2.png","width":160,"height":53,"caption":"Rem Apartamentos"},"image":{"@id":"https:\/\/remapartamentos.com\/#\/schema\/logo\/image\/"}}]}},"_links":{"self":[{"href":"https:\/\/remapartamentos.com\/en\/wp-json\/wp\/v2\/pages\/854","targetHints":{"allow":["GET"]}}],"collection":[{"href":"https:\/\/remapartamentos.com\/en\/wp-json\/wp\/v2\/pages"}],"about":[{"href":"https:\/\/remapartamentos.com\/en\/wp-json\/wp\/v2\/types\/page"}],"author":[{"embeddable":true,"href":"https:\/\/remapartamentos.com\/en\/wp-json\/wp\/v2\/users\/1"}],"replies":[{"embeddable":true,"href":"https:\/\/remapartamentos.com\/en\/wp-json\/wp\/v2\/comments?post=854"}],"version-history":[{"count":0,"href":"https:\/\/remapartamentos.com\/en\/wp-json\/wp\/v2\/pages\/854\/revisions"}],"wp:attachment":[{"href":"https:\/\/remapartamentos.com\/en\/wp-json\/wp\/v2\/media?parent=854"}],"curies":[{"name":"wp","href":"https:\/\/api.w.org\/{rel}","templated":true}]}}